{"id":609,"date":"2020-08-05T17:21:40","date_gmt":"2020-08-05T15:21:40","guid":{"rendered":"http:\/\/www.phb-creation.com\/decouvrez-nos-projets\/"},"modified":"2021-01-18T13:54:02","modified_gmt":"2021-01-18T12:54:02","slug":"discover-our-projects","status":"publish","type":"page","link":"https:\/\/www.phb-creation.com\/en\/discover-our-projects\/","title":{"rendered":"Our projects"},"content":{"rendered":"","protected":false},"excerpt":{"rendered":"","protected":false},"author":1,"featured_media":0,"parent":0,"menu_order":0,"comment_status":"closed","ping_status":"closed","template":"page-templates\/page-projets.php","meta":[],"acf":[],"yoast_head":"<!-- This site is optimized with the Yoast SEO plugin v20.6 - https:\/\/yoast.com\/wordpress\/plugins\/seo\/ -->\n<title>D\u00e9couvrez nos projets - PHB Cr\u00e9ation - Am\u00e9nagement paysager<\/title>\n<meta name=\"description\" content=\"D\u00e9couvrez tous nos projets \u00e0 travers l&#039;europe. Un aper\u00e7u de nos comp\u00e9tences et de la diversit\u00e9 des am\u00e9nagements r\u00e9alis\u00e9s.\" \/>\n<meta name=\"robots\" content=\"index, follow, max-snippet:-1, max-image-preview:large, max-video-preview:-1\" \/>\n<link rel=\"canonical\" href=\"https:\/\/www.phb-creation.com\/en\/discover-our-projects\/\" \/>\n<meta property=\"og:locale\" content=\"en_US\" \/>\n<meta property=\"og:type\" content=\"article\" \/>\n<meta property=\"og:title\" content=\"D\u00e9couvrez nos projets - PHB Cr\u00e9ation - Am\u00e9nagement paysager\" \/>\n<meta property=\"og:description\" content=\"D\u00e9couvrez tous nos projets \u00e0 travers l&#039;europe. Un aper\u00e7u de nos comp\u00e9tences et de la diversit\u00e9 des am\u00e9nagements r\u00e9alis\u00e9s.\" \/>\n<meta property=\"og:url\" content=\"https:\/\/www.phb-creation.com\/en\/discover-our-projects\/\" \/>\n<meta property=\"og:site_name\" content=\"PHB CREATION\" \/>\n<meta property=\"article:modified_time\" content=\"2021-01-18T12:54:02+00:00\" \/>\n<meta name=\"twitter:card\" content=\"summary_large_image\" \/>\n<script type=\"application\/ld+json\" class=\"yoast-schema-graph\">{\"@context\":\"https:\/\/schema.org\",\"@graph\":[{\"@type\":\"WebPage\",\"@id\":\"https:\/\/www.phb-creation.com\/en\/discover-our-projects\/\",\"url\":\"https:\/\/www.phb-creation.com\/en\/discover-our-projects\/\",\"name\":\"D\u00e9couvrez nos projets - PHB Cr\u00e9ation - Am\u00e9nagement paysager\",\"isPartOf\":{\"@id\":\"https:\/\/www.phb-creation.com\/#website\"},\"datePublished\":\"2020-08-05T15:21:40+00:00\",\"dateModified\":\"2021-01-18T12:54:02+00:00\",\"description\":\"D\u00e9couvrez tous nos projets \u00e0 travers l'europe. Un aper\u00e7u de nos comp\u00e9tences et de la diversit\u00e9 des am\u00e9nagements r\u00e9alis\u00e9s.\",\"inLanguage\":\"en-US\",\"potentialAction\":[{\"@type\":\"ReadAction\",\"target\":[\"https:\/\/www.phb-creation.com\/en\/discover-our-projects\/\"]}]},{\"@type\":\"WebSite\",\"@id\":\"https:\/\/www.phb-creation.com\/#website\",\"url\":\"https:\/\/www.phb-creation.com\/\",\"name\":\"PHB CREATION\",\"description\":\"PHB cre\u0301ation, architecture de jardin, paysagiste, conception paysag\u00e8re\",\"publisher\":{\"@id\":\"https:\/\/www.phb-creation.com\/#organization\"},\"potentialAction\":[{\"@type\":\"SearchAction\",\"target\":{\"@type\":\"EntryPoint\",\"urlTemplate\":\"https:\/\/www.phb-creation.com\/?s={search_term_string}\"},\"query-input\":\"required name=search_term_string\"}],\"inLanguage\":\"en-US\"},{\"@type\":\"Organization\",\"@id\":\"https:\/\/www.phb-creation.com\/#organization\",\"name\":\"PHB CREATION\",\"url\":\"https:\/\/www.phb-creation.com\/\",\"logo\":{\"@type\":\"ImageObject\",\"inLanguage\":\"en-US\",\"@id\":\"https:\/\/www.phb-creation.com\/#\/schema\/logo\/image\/\",\"url\":\"https:\/\/www.phb-creation.com\/wp-content\/uploads\/2020\/08\/cropped-logo-PHB.png\",\"contentUrl\":\"https:\/\/www.phb-creation.com\/wp-content\/uploads\/2020\/08\/cropped-logo-PHB.png\",\"width\":842,\"height\":250,\"caption\":\"PHB CREATION\"},\"image\":{\"@id\":\"https:\/\/www.phb-creation.com\/#\/schema\/logo\/image\/\"}}]}<\/script>\n<!-- \/ Yoast SEO plugin. -->","yoast_head_json":{"title":"D\u00e9couvrez nos projets - PHB Cr\u00e9ation - Am\u00e9nagement paysager","description":"D\u00e9couvrez tous nos projets \u00e0 travers l'europe. Un aper\u00e7u de nos comp\u00e9tences et de la diversit\u00e9 des am\u00e9nagements r\u00e9alis\u00e9s.","robots":{"index":"index","follow":"follow","max-snippet":"max-snippet:-1","max-image-preview":"max-image-preview:large","max-video-preview":"max-video-preview:-1"},"canonical":"https:\/\/www.phb-creation.com\/en\/discover-our-projects\/","og_locale":"en_US","og_type":"article","og_title":"D\u00e9couvrez nos projets - PHB Cr\u00e9ation - Am\u00e9nagement paysager","og_description":"D\u00e9couvrez tous nos projets \u00e0 travers l'europe. Un aper\u00e7u de nos comp\u00e9tences et de la diversit\u00e9 des am\u00e9nagements r\u00e9alis\u00e9s.","og_url":"https:\/\/www.phb-creation.com\/en\/discover-our-projects\/","og_site_name":"PHB CREATION","article_modified_time":"2021-01-18T12:54:02+00:00","twitter_card":"summary_large_image","schema":{"@context":"https:\/\/schema.org","@graph":[{"@type":"WebPage","@id":"https:\/\/www.phb-creation.com\/en\/discover-our-projects\/","url":"https:\/\/www.phb-creation.com\/en\/discover-our-projects\/","name":"D\u00e9couvrez nos projets - PHB Cr\u00e9ation - Am\u00e9nagement paysager","isPartOf":{"@id":"https:\/\/www.phb-creation.com\/#website"},"datePublished":"2020-08-05T15:21:40+00:00","dateModified":"2021-01-18T12:54:02+00:00","description":"D\u00e9couvrez tous nos projets \u00e0 travers l'europe. Un aper\u00e7u de nos comp\u00e9tences et de la diversit\u00e9 des am\u00e9nagements r\u00e9alis\u00e9s.","inLanguage":"en-US","potentialAction":[{"@type":"ReadAction","target":["https:\/\/www.phb-creation.com\/en\/discover-our-projects\/"]}]},{"@type":"WebSite","@id":"https:\/\/www.phb-creation.com\/#website","url":"https:\/\/www.phb-creation.com\/","name":"PHB CREATION","description":"PHB cre\u0301ation, architecture de jardin, paysagiste, conception paysag\u00e8re","publisher":{"@id":"https:\/\/www.phb-creation.com\/#organization"},"potentialAction":[{"@type":"SearchAction","target":{"@type":"EntryPoint","urlTemplate":"https:\/\/www.phb-creation.com\/?s={search_term_string}"},"query-input":"required name=search_term_string"}],"inLanguage":"en-US"},{"@type":"Organization","@id":"https:\/\/www.phb-creation.com\/#organization","name":"PHB CREATION","url":"https:\/\/www.phb-creation.com\/","logo":{"@type":"ImageObject","inLanguage":"en-US","@id":"https:\/\/www.phb-creation.com\/#\/schema\/logo\/image\/","url":"https:\/\/www.phb-creation.com\/wp-content\/uploads\/2020\/08\/cropped-logo-PHB.png","contentUrl":"https:\/\/www.phb-creation.com\/wp-content\/uploads\/2020\/08\/cropped-logo-PHB.png","width":842,"height":250,"caption":"PHB CREATION"},"image":{"@id":"https:\/\/www.phb-creation.com\/#\/schema\/logo\/image\/"}}]}},"_links":{"self":[{"href":"https:\/\/www.phb-creation.com\/en\/wp-json\/wp\/v2\/pages\/609"}],"collection":[{"href":"https:\/\/www.phb-creation.com\/en\/wp-json\/wp\/v2\/pages"}],"about":[{"href":"https:\/\/www.phb-creation.com\/en\/wp-json\/wp\/v2\/types\/page"}],"author":[{"embeddable":true,"href":"https:\/\/www.phb-creation.com\/en\/wp-json\/wp\/v2\/users\/1"}],"replies":[{"embeddable":true,"href":"https:\/\/www.phb-creation.com\/en\/wp-json\/wp\/v2\/comments?post=609"}],"version-history":[{"count":4,"href":"https:\/\/www.phb-creation.com\/en\/wp-json\/wp\/v2\/pages\/609\/revisions"}],"predecessor-version":[{"id":688,"href":"https:\/\/www.phb-creation.com\/en\/wp-json\/wp\/v2\/pages\/609\/revisions\/688"}],"wp:attachment":[{"href":"https:\/\/www.phb-creation.com\/en\/wp-json\/wp\/v2\/media?parent=609"}],"curies":[{"name":"wp","href":"https:\/\/api.w.org\/{rel}","templated":true}]}}