{"id":607,"date":"2020-08-05T17:15:43","date_gmt":"2020-08-05T15:15:43","guid":{"rendered":"http:\/\/www.phb-creation.com\/contactez-nous\/"},"modified":"2021-01-18T12:12:48","modified_gmt":"2021-01-18T11:12:48","slug":"contact-us","status":"publish","type":"page","link":"https:\/\/www.phb-creation.com\/en\/contact-us\/","title":{"rendered":"Contact us"},"content":{"rendered":"\n<div class=\"wpcf7 no-js\" id=\"wpcf7-f629-o1\" lang=\"\" dir=\"ltr\">\n<div class=\"screen-reader-response\"><p role=\"status\" aria-live=\"polite\" aria-atomic=\"true\"><\/p> <ul><\/ul><\/div>\n<form action=\"\/en\/wp-json\/wp\/v2\/pages\/607#wpcf7-f629-o1\" method=\"post\" class=\"wpcf7-form init\" aria-label=\"Contact form\" novalidate=\"novalidate\" data-status=\"init\">\n<div style=\"display: none;\">\n<input type=\"hidden\" name=\"_wpcf7\" value=\"629\" \/>\n<input type=\"hidden\" name=\"_wpcf7_version\" value=\"5.7.7\" \/>\n<input type=\"hidden\" name=\"_wpcf7_locale\" value=\"\" \/>\n<input type=\"hidden\" name=\"_wpcf7_unit_tag\" value=\"wpcf7-f629-o1\" \/>\n<input type=\"hidden\" name=\"_wpcf7_container_post\" value=\"0\" \/>\n<input type=\"hidden\" name=\"_wpcf7_posted_data_hash\" value=\"\" \/>\n<\/div>\n<div>\n\t<div class=\"name-contact\">\n\t\t<p><span class=\"wpcf7-form-control-wrap\" data-name=\"your-name\"><input size=\"40\" class=\"wpcf7-form-control wpcf7-text wpcf7-validates-as-required\" aria-required=\"true\" aria-invalid=\"false\" placeholder=\"Name*\" value=\"\" type=\"text\" name=\"your-name\" \/><\/span>\n\t\t<\/p>\n\t<\/div>\n\t<div class=\"email-contact\">\n\t\t<p><span class=\"wpcf7-form-control-wrap\" data-name=\"your-email\"><input size=\"40\" class=\"wpcf7-form-control wpcf7-text wpcf7-email wpcf7-validates-as-required wpcf7-validates-as-email\" aria-required=\"true\" aria-invalid=\"false\" placeholder=\"E-mail adress*\" value=\"\" type=\"email\" name=\"your-email\" \/><\/span>\n\t\t<\/p>\n\t<\/div>\n\t<div class=\"textarea-contact\">\n\t\t<p><span class=\"wpcf7-form-control-wrap\" data-name=\"your-message\"><textarea cols=\"40\" rows=\"10\" class=\"wpcf7-form-control wpcf7-textarea wpcf7-validates-as-required\" aria-required=\"true\" aria-invalid=\"false\" placeholder=\"Message*\" name=\"your-message\"><\/textarea><\/span>\n\t\t<\/p>\n\t<\/div>\n\t<div class=\"checkbox-contact\">\n\t\t<p><span class=\"wpcf7-form-control-wrap wpgdprc\"><span class=\"wpcf7-form-control wpcf7-validates-as-required wpcf7-wpgdprc\"><span class=\"wpcf7-list-item\"><input type=\"checkbox\" name=\"wpgdprc\" value=\"1\" aria-required=\"true\" aria-invalid=\"false\" \/><span class=\"wpcf7-list-item-label\">By using this form, you agree to the storage and processing of your data by this website.<\/span><\/span><\/span>    <\/span>\n\t\t<\/p>\n\t<\/div>\n\t<div id=\"submit-contact\">\n\t\t<p><input class=\"wpcf7-form-control has-spinner wpcf7-submit bouton\" type=\"submit\" value=\"Send\" \/><span class=\"icon-arrow\"><\/span>\n\t\t<\/p>\n\t<\/div>\n<\/div><div class=\"wpcf7-response-output\" aria-hidden=\"true\"><\/div>\n<\/form>\n<\/div>\n\n","protected":false},"excerpt":{"rendered":"","protected":false},"author":1,"featured_media":574,"parent":0,"menu_order":0,"comment_status":"closed","ping_status":"closed","template":"page-templates\/page-contact.php","meta":[],"acf":[],"yoast_head":"<!-- This site is optimized with the Yoast SEO plugin v20.6 - https:\/\/yoast.com\/wordpress\/plugins\/seo\/ -->\n<title>Contactez-nous - PHB Cr\u00e9ation - Am\u00e9nagement paysager<\/title>\n<meta name=\"description\" content=\"Contactez-nous ! Pour obtenir de plus amples informations, n&#039;hesitez pas \u00e0 nous contacter via notre formulaire de contact, par email ou t\u00e9l\u00e9phone.\" \/>\n<meta name=\"robots\" content=\"index, follow, max-snippet:-1, max-image-preview:large, max-video-preview:-1\" \/>\n<link rel=\"canonical\" href=\"https:\/\/www.phb-creation.com\/en\/contact-us\/\" \/>\n<meta property=\"og:locale\" content=\"en_US\" \/>\n<meta property=\"og:type\" content=\"article\" \/>\n<meta property=\"og:title\" content=\"Contactez-nous - PHB Cr\u00e9ation - Am\u00e9nagement paysager\" \/>\n<meta property=\"og:description\" content=\"Contactez-nous ! Pour obtenir de plus amples informations, n&#039;hesitez pas \u00e0 nous contacter via notre formulaire de contact, par email ou t\u00e9l\u00e9phone.\" \/>\n<meta property=\"og:url\" content=\"https:\/\/www.phb-creation.com\/en\/contact-us\/\" \/>\n<meta property=\"og:site_name\" content=\"PHB CREATION\" \/>\n<meta property=\"article:modified_time\" content=\"2021-01-18T11:12:48+00:00\" \/>\n<meta property=\"og:image\" content=\"https:\/\/www.phb-creation.com\/wp-content\/uploads\/2020\/09\/Contact_1.jpg\" \/>\n\t<meta property=\"og:image:width\" content=\"2400\" \/>\n\t<meta property=\"og:image:height\" content=\"963\" \/>\n\t<meta property=\"og:image:type\" content=\"image\/jpeg\" \/>\n<meta name=\"twitter:card\" content=\"summary_large_image\" \/>\n<script type=\"application\/ld+json\" class=\"yoast-schema-graph\">{\"@context\":\"https:\/\/schema.org\",\"@graph\":[{\"@type\":\"WebPage\",\"@id\":\"https:\/\/www.phb-creation.com\/en\/contact-us\/\",\"url\":\"https:\/\/www.phb-creation.com\/en\/contact-us\/\",\"name\":\"Contactez-nous - PHB Cr\u00e9ation - Am\u00e9nagement paysager\",\"isPartOf\":{\"@id\":\"https:\/\/www.phb-creation.com\/#website\"},\"datePublished\":\"2020-08-05T15:15:43+00:00\",\"dateModified\":\"2021-01-18T11:12:48+00:00\",\"description\":\"Contactez-nous ! Pour obtenir de plus amples informations, n'hesitez pas \u00e0 nous contacter via notre formulaire de contact, par email ou t\u00e9l\u00e9phone.\",\"inLanguage\":\"en-US\",\"potentialAction\":[{\"@type\":\"ReadAction\",\"target\":[\"https:\/\/www.phb-creation.com\/en\/contact-us\/\"]}]},{\"@type\":\"WebSite\",\"@id\":\"https:\/\/www.phb-creation.com\/#website\",\"url\":\"https:\/\/www.phb-creation.com\/\",\"name\":\"PHB CREATION\",\"description\":\"PHB cre\u0301ation, architecture de jardin, paysagiste, conception paysag\u00e8re\",\"publisher\":{\"@id\":\"https:\/\/www.phb-creation.com\/#organization\"},\"potentialAction\":[{\"@type\":\"SearchAction\",\"target\":{\"@type\":\"EntryPoint\",\"urlTemplate\":\"https:\/\/www.phb-creation.com\/?s={search_term_string}\"},\"query-input\":\"required name=search_term_string\"}],\"inLanguage\":\"en-US\"},{\"@type\":\"Organization\",\"@id\":\"https:\/\/www.phb-creation.com\/#organization\",\"name\":\"PHB CREATION\",\"url\":\"https:\/\/www.phb-creation.com\/\",\"logo\":{\"@type\":\"ImageObject\",\"inLanguage\":\"en-US\",\"@id\":\"https:\/\/www.phb-creation.com\/#\/schema\/logo\/image\/\",\"url\":\"https:\/\/www.phb-creation.com\/wp-content\/uploads\/2020\/08\/cropped-logo-PHB.png\",\"contentUrl\":\"https:\/\/www.phb-creation.com\/wp-content\/uploads\/2020\/08\/cropped-logo-PHB.png\",\"width\":842,\"height\":250,\"caption\":\"PHB CREATION\"},\"image\":{\"@id\":\"https:\/\/www.phb-creation.com\/#\/schema\/logo\/image\/\"}}]}<\/script>\n<!-- \/ Yoast SEO plugin. -->","yoast_head_json":{"title":"Contactez-nous - PHB Cr\u00e9ation - Am\u00e9nagement paysager","description":"Contactez-nous ! Pour obtenir de plus amples informations, n'hesitez pas \u00e0 nous contacter via notre formulaire de contact, par email ou t\u00e9l\u00e9phone.","robots":{"index":"index","follow":"follow","max-snippet":"max-snippet:-1","max-image-preview":"max-image-preview:large","max-video-preview":"max-video-preview:-1"},"canonical":"https:\/\/www.phb-creation.com\/en\/contact-us\/","og_locale":"en_US","og_type":"article","og_title":"Contactez-nous - PHB Cr\u00e9ation - Am\u00e9nagement paysager","og_description":"Contactez-nous ! Pour obtenir de plus amples informations, n'hesitez pas \u00e0 nous contacter via notre formulaire de contact, par email ou t\u00e9l\u00e9phone.","og_url":"https:\/\/www.phb-creation.com\/en\/contact-us\/","og_site_name":"PHB CREATION","article_modified_time":"2021-01-18T11:12:48+00:00","og_image":[{"width":2400,"height":963,"url":"https:\/\/www.phb-creation.com\/wp-content\/uploads\/2020\/09\/Contact_1.jpg","type":"image\/jpeg"}],"twitter_card":"summary_large_image","schema":{"@context":"https:\/\/schema.org","@graph":[{"@type":"WebPage","@id":"https:\/\/www.phb-creation.com\/en\/contact-us\/","url":"https:\/\/www.phb-creation.com\/en\/contact-us\/","name":"Contactez-nous - PHB Cr\u00e9ation - Am\u00e9nagement paysager","isPartOf":{"@id":"https:\/\/www.phb-creation.com\/#website"},"datePublished":"2020-08-05T15:15:43+00:00","dateModified":"2021-01-18T11:12:48+00:00","description":"Contactez-nous ! Pour obtenir de plus amples informations, n'hesitez pas \u00e0 nous contacter via notre formulaire de contact, par email ou t\u00e9l\u00e9phone.","inLanguage":"en-US","potentialAction":[{"@type":"ReadAction","target":["https:\/\/www.phb-creation.com\/en\/contact-us\/"]}]},{"@type":"WebSite","@id":"https:\/\/www.phb-creation.com\/#website","url":"https:\/\/www.phb-creation.com\/","name":"PHB CREATION","description":"PHB cre\u0301ation, architecture de jardin, paysagiste, conception paysag\u00e8re","publisher":{"@id":"https:\/\/www.phb-creation.com\/#organization"},"potentialAction":[{"@type":"SearchAction","target":{"@type":"EntryPoint","urlTemplate":"https:\/\/www.phb-creation.com\/?s={search_term_string}"},"query-input":"required name=search_term_string"}],"inLanguage":"en-US"},{"@type":"Organization","@id":"https:\/\/www.phb-creation.com\/#organization","name":"PHB CREATION","url":"https:\/\/www.phb-creation.com\/","logo":{"@type":"ImageObject","inLanguage":"en-US","@id":"https:\/\/www.phb-creation.com\/#\/schema\/logo\/image\/","url":"https:\/\/www.phb-creation.com\/wp-content\/uploads\/2020\/08\/cropped-logo-PHB.png","contentUrl":"https:\/\/www.phb-creation.com\/wp-content\/uploads\/2020\/08\/cropped-logo-PHB.png","width":842,"height":250,"caption":"PHB CREATION"},"image":{"@id":"https:\/\/www.phb-creation.com\/#\/schema\/logo\/image\/"}}]}},"_links":{"self":[{"href":"https:\/\/www.phb-creation.com\/en\/wp-json\/wp\/v2\/pages\/607"}],"collection":[{"href":"https:\/\/www.phb-creation.com\/en\/wp-json\/wp\/v2\/pages"}],"about":[{"href":"https:\/\/www.phb-creation.com\/en\/wp-json\/wp\/v2\/types\/page"}],"author":[{"embeddable":true,"href":"https:\/\/www.phb-creation.com\/en\/wp-json\/wp\/v2\/users\/1"}],"replies":[{"embeddable":true,"href":"https:\/\/www.phb-creation.com\/en\/wp-json\/wp\/v2\/comments?post=607"}],"version-history":[{"count":5,"href":"https:\/\/www.phb-creation.com\/en\/wp-json\/wp\/v2\/pages\/607\/revisions"}],"predecessor-version":[{"id":658,"href":"https:\/\/www.phb-creation.com\/en\/wp-json\/wp\/v2\/pages\/607\/revisions\/658"}],"wp:featuredmedia":[{"embeddable":true,"href":"https:\/\/www.phb-creation.com\/en\/wp-json\/wp\/v2\/media\/574"}],"wp:attachment":[{"href":"https:\/\/www.phb-creation.com\/en\/wp-json\/wp\/v2\/media?parent=607"}],"curies":[{"name":"wp","href":"https:\/\/api.w.org\/{rel}","templated":true}]}}